{"id":161,"date":"2018-11-02T18:48:31","date_gmt":"2018-11-02T18:48:31","guid":{"rendered":"http:\/\/cointelco.com\/\/?page_id=161"},"modified":"2024-04-08T15:25:05","modified_gmt":"2024-04-08T15:25:05","slug":"contactanos","status":"publish","type":"page","link":"https:\/\/cointelco.com\/?page_id=161","title":{"rendered":"Cont\u00e1ctanos"},"content":{"rendered":"<p>[vc_row type=\u00bbfull-width-content\u00bb css=\u00bb.vc_custom_1541802268083{margin-top: 0px !important;margin-bottom: 0px !important;border-top-width: 0px !important;border-bottom-width: 0px !important;padding-top: 0px !important;padding-bottom: 0px !important;}\u00bb][vc_column][vc_gmaps link=\u00bb#E-8_JTNDaWZyYW1lJTIwc3JjJTNEJTIyaHR0cHMlM0ElMkYlMkZ3d3cuZ29vZ2xlLmNvbSUyRm1hcHMlMkZlbWJlZCUzRnBiJTNEJTIxMW0xOCUyMTFtMTIlMjExbTMlMjExZDM5NzYuMzMwMTIxNDE2NTk0NSUyMTJkLTc0LjA1NjIzMjU4NTIzNzY4JTIxM2Q0LjcxMjU5ODg5NjU3NzExNiUyMTJtMyUyMTFmMCUyMTJmMCUyMTNmMCUyMTNtMiUyMTFpMTAyNCUyMTJpNzY4JTIxNGYxMy4xJTIxM20zJTIxMW0yJTIxMXMweDhlM2Y5YWZiYmQyOTgzYTclMjUzQTB4YTlhZjM1OWI0Njc3YjlkOSUyMTJzQ09JTlRFTENPJTJCUy5BLiUyMTVlMCUyMTNtMiUyMTFzZXMlMjEyc2NvJTIxNHYxNTQxODAyMzE0NTE1JTIyJTIwd2lkdGglM0QlMjI4MDAlMjIlMjBoZWlnaHQlM0QlMjI2MDAlMjIlMjBmcmFtZWJvcmRlciUzRCUyMjAlMjIlMjBzdHlsZSUzRCUyMmJvcmRlciUzQTAlMjIlMjBhbGxvd2Z1bGxzY3JlZW4lM0UlM0MlMkZpZnJhbWUlM0U=\u00bb size=\u00bb\u00bb css_animation=\u00bbbounceIn\u00bb][\/vc_column][\/vc_row][vc_row type=\u00bbfull-width-section\u00bb css=\u00bb.vc_custom_1541801651340{margin-bottom: 0px !important;padding-top: 100px !important;padding-bottom: 60px !important;background: #2b3547 url(https:\/\/cointelco.com\/\/wp-content\/uploads\/2018\/11\/fondo-formulario.jpg?id=320) !important;background-position: center !important;background-repeat: no-repeat !important;background-size: cover !important;}\u00bb font_color=\u00bb#ffffff\u00bb][vc_column width=\u00bb1\/2&#8243; animation=\u00bbrda_bounceInLeft\u00bb font_color=\u00bb#a1b1bc\u00bb css=\u00bb.vc_custom_1420826518165{margin-bottom: 40px;padding-top: 23px;padding-right: 30px;padding-bottom: 32px;padding-left: 30px;background-color: rgba(161,177,188,0.1);*background-color: rgb(161,177,188);}\u00bb el_class=\u00bbborderradius-5&#8243;][vc_custom_heading text=\u00bbD\u00e9janos tu mensaje\u00bb font_container=\u00bbtag:h2|font_size:36|text_align:left|color:%23ffffff\u00bb google_fonts=\u00bbfont_family:Lato%3A100%2C100italic%2C300%2C300italic%2Cregular%2Citalic%2C700%2C700italic%2C900%2C900italic|font_style:300%20light%20regular%3A300%3Anormal\u00bb css=\u00bb.vc_custom_1541801825930{margin-bottom: 26px !important;}\u00bb][vc_column_text css=\u00bb.vc_custom_1541801836939{margin-bottom: 28px !important;}\u00bb]<\/p>\n<p>Los clientes son nuestra principal raz\u00f3n de ser, por ello y para ellos trabajamos d\u00eda a d\u00eda con el firme prop\u00f3sito de mejorar los procesos y crear soluciones nuevas que nos permitan ofrecer un mejor servicio y lograr proyectos exitosos. <\/p>\n<p>En consecuencia, creamos este espacio en el que podr\u00e1 dejarnos todas sus quejas, preguntas, sugerencias y\/o reclamos; a las cuales les estaremos dando respuesta lo m\u00e1s pronto posible y a su vez nos permitir\u00e1n establecer acciones correctivas o fortalecer los procesos productivos y eficientes. <\/p>\n<p>[\/vc_column_text][vc_custom_heading text=\u00bbDirecci\u00f3n\u00bb font_container=\u00bbtag:div|font_size:14|text_align:left|color:%23a1b1bc\u00bb google_fonts=\u00bbfont_family:Lato%3A100%2C100italic%2C300%2C300italic%2Cregular%2Citalic%2C700%2C700italic%2C900%2C900italic|font_style:400%20regular%3A400%3Anormal\u00bb css=\u00bb.vc_custom_1541801844518{margin-bottom: 5px !important;}\u00bb][vc_custom_heading text=\u00bbCalle 166 # 16-26<br \/>Bogot\u00e1 \u2013 Colombia\u00bb font_container=\u00bbtag:div|font_size:14|text_align:left|color:%23ffffff\u00bb google_fonts=\u00bbfont_family:Lato%3A100%2C100italic%2C300%2C300italic%2Cregular%2Citalic%2C700%2C700italic%2C900%2C900italic|font_style:700%20bold%20regular%3A700%3Anormal\u00bb css=\u00bb.vc_custom_1541801851830{margin-bottom: 15px !important;}\u00bb][vc_custom_heading text=\u00bbCorreo Comercial\u00bb font_container=\u00bbtag:div|font_size:14|text_align:left|color:%23a1b1bc\u00bb google_fonts=\u00bbfont_family:Lato%3A100%2C100italic%2C300%2C300italic%2Cregular%2Citalic%2C700%2C700italic%2C900%2C900italic|font_style:400%20regular%3A400%3Anormal\u00bb css=\u00bb.vc_custom_1541801857882{margin-bottom: 5px !important;}\u00bb][vc_custom_heading text=\u00bbgjimenez@cointelco.com &#8211; comercial@cointelco.com\u00bb font_container=\u00bbtag:div|font_size:14|text_align:left|color:%23ffffff\u00bb google_fonts=\u00bbfont_family:Lato%3A100%2C100italic%2C300%2C300italic%2Cregular%2Citalic%2C700%2C700italic%2C900%2C900italic|font_style:700%20bold%20regular%3A700%3Anormal\u00bb css=\u00bb.vc_custom_1541801864191{margin-bottom: 15px !important;}\u00bb][vc_custom_heading text=\u00bbEmail servicio al cliente\u00bb font_container=\u00bbtag:div|font_size:14|text_align:left|color:%23a1b1bc\u00bb google_fonts=\u00bbfont_family:Lato%3A100%2C100italic%2C300%2C300italic%2Cregular%2Citalic%2C700%2C700italic%2C900%2C900italic|font_style:400%20regular%3A400%3Anormal\u00bb css=\u00bb.vc_custom_1541801871539{margin-bottom: 5px !important;}\u00bb][vc_custom_heading text=\u00bbgjimenez@cointelco.com\u00bb font_container=\u00bbtag:div|font_size:14|text_align:left|color:%23ffffff\u00bb google_fonts=\u00bbfont_family:Lato%3A100%2C100italic%2C300%2C300italic%2Cregular%2Citalic%2C700%2C700italic%2C900%2C900italic|font_style:700%20bold%20regular%3A700%3Anormal\u00bb css=\u00bb.vc_custom_1541801878378{margin-bottom: 15px !important;}\u00bb][\/vc_column][vc_column width=\u00bb1\/2&#8243; animation=\u00bbrda_bounceInRight\u00bb font_color=\u00bb#ffffff\u00bb css=\u00bb.vc_custom_1420826450889{margin-bottom: 40px;padding-top: 23px;padding-right: 30px;padding-bottom: 17px;padding-left: 30px;background-color: rgba(161,177,188,0.1);*background-color: rgb(161,177,188);}\u00bb el_class=\u00bbborderradius-5&#8243;]<style type=\"text\/css\" >#rd_gw9njn2o10etyggkcdt0 .wpcf7 input[type=submit]{font-size:15px; font-weight:900; border-radius:2px; padding:11px 15px; letter-spacing: 0.5px;}#rd_gw9njn2o10etyggkcdt0 .wpcf7 input[type=submit]:hover {background:#149bdb; color:#ffffff !important;}#rd_gw9njn2o10etyggkcdt0 .wpcf7 textarea{height:208px;}#rd_gw9njn2o10etyggkcdt0 .wpcf7 input:not([type=submit]):not([type=checkbox]),#rd_gw9njn2o10etyggkcdt0 textarea,#rd_gw9njn2o10etyggkcdt0 .wpcf7 select{border-radius:0px;}#rd_gw9njn2o10etyggkcdt0 .wpcf7 input:not([type=submit]),#rd_gw9njn2o10etyggkcdt0 textarea,#rd_gw9njn2o10etyggkcdt0 .wpcf7 input[type=submit],#rd_gw9njn2o10etyggkcdt0 .wpcf7 select{margin-top:3px;}#rd_gw9njn2o10etyggkcdt0 p{margin-bottom:13px;}#rd_gw9njn2o10etyggkcdt0 .wpcf7 input:not([type=submit]):not([type=checkbox]),#rd_gw9njn2o10etyggkcdt0 .wpcf7  textarea,#rd_gw9njn2o10etyggkcdt0 .wpcf7 select{border:1px solid #3a3d4e; background:#1a1c27;}#rd_gw9njn2o10etyggkcdt0 .wpcf7 input[type=submit]{background:#21c2f8; color:#ffffff !important;}<\/style><div id=\"rd_gw9njn2o10etyggkcdt0\" class=\"\"><p class=\"wpcf7-contact-form-not-found\"><strong>Error:<\/strong> Formulario de contacto no encontrado.<\/p><\/div>[\/vc_column][\/vc_row]<\/p>\n<p style=\"margin-bottom: 0px;\"><\/p>\n<p style=\"margin-bottom: 0px;\"><\/p>","protected":false},"excerpt":{"rendered":"<p>[vc_row type=\u00bbfull-width-content\u00bb css=\u00bb.vc_custom_1541802268083{margin-top: 0px !important;margin-bottom: 0px !important;border-top-width: 0px !important;border-bottom-width: 0px !important;padding-top: 0px !important;padding-bottom: 0px !important;}\u00bb][vc_column][vc_gmaps link=\u00bb#E-8_JTNDaWZyYW1lJTIwc3JjJTNEJTIyaHR0cHMlM0ElMkYlMkZ3d3cuZ29vZ2xlLmNvbSUyRm1hcHMlMkZlbWJlZCUzRnBiJTNEJTIxMW0xOCUyMTFtMTIlMjExbTMlMjExZDM5NzYuMzMwMTIxNDE2NTk0NSUyMTJkLTc0LjA1NjIzMjU4NTIzNzY4JTIxM2Q0LjcxMjU5ODg5NjU3NzExNiUyMTJtMyUyMTFmMCUyMTJmMCUyMTNmMCUyMTNtMiUyMTFpMTAyNCUyMTJpNzY4JTIxNGYxMy4xJTIxM20zJTIxMW0yJTIxMXMweDhlM2Y5YWZiYmQyOTgzYTclMjUzQTB4YTlhZjM1OWI0Njc3YjlkOSUyMTJzQ09JTlRFTENPJTJCUy5BLiUyMTVlMCUyMTNtMiUyMTFzZXMlMjEyc2NvJTIxNHYxNTQxODAyMzE0NTE1JTIyJTIwd2lkdGglM0QlMjI4MDAlMjIlMjBoZWlnaHQlM0QlMjI2MDAlMjIlMjBmcmFtZWJvcmRlciUzRCUyMjAlMjIlMjBzdHlsZSUzRCUyMmJvcmRlciUzQTAlMjIlMjBhbGxvd2Z1bGxzY3JlZW4lM0UlM0MlMkZpZnJhbWUlM0U=\u00bb size=\u00bb\u00bb css_animation=\u00bbbounceIn\u00bb][\/vc_column][\/vc_row][vc_row type=\u00bbfull-width-section\u00bb css=\u00bb.vc_custom_1541801651340{margin-bottom: 0px !important;padding-top: 100px !important;padding-bottom: 60px !important;background: #2b3547 url(https:\/\/cointelco.com\/\/wp-content\/uploads\/2018\/11\/fondo-formulario.jpg?id=320) !important;background-position: center !important;background-repeat: no-repeat !important;background-size: cover !important;}\u00bb font_color=\u00bb#ffffff\u00bb][vc_column width=\u00bb1\/2&#8243; animation=\u00bbrda_bounceInLeft\u00bb font_color=\u00bb#a1b1bc\u00bb css=\u00bb.vc_custom_1420826518165{margin-bottom: 40px;padding-top: 23px;padding-right: 30px;padding-bottom: 32px;padding-left: 30px;background-color: rgba(161,177,188,0.1);*background-color: rgb(161,177,188);}\u00bb el_class=\u00bbborderradius-5&#8243;][vc_custom_heading text=\u00bbD\u00e9janos tu mensaje\u00bb font_container=\u00bbtag:h2|font_size:36|text_align:left|color:%23ffffff\u00bb google_fonts=\u00bbfont_family:Lato%3A100%2C100italic%2C300%2C300italic%2Cregular%2Citalic%2C700%2C700italic%2C900%2C900italic|font_style:300%20light%20regular%3A300%3Anormal\u00bb css=\u00bb.vc_custom_1541801825930{margin-bottom: 26px<br \/><a href=\"https:\/\/cointelco.com\/?page_id=161\" class=\"more\">Read more<\/a><\/p>\n","protected":false},"author":1,"featured_media":0,"parent":0,"menu_order":7,"comment_status":"closed","ping_status":"closed","template":"","meta":{"om_disable_all_campaigns":false,"_monsterinsights_skip_tracking":false,"_monsterinsights_sitenote_active":false,"_monsterinsights_sitenote_note":"","_monsterinsights_sitenote_category":0,"footnotes":""},"class_list":["post-161","page","type-page","status-publish","hentry"],"yoast_head":"<!-- This site is optimized with the Yoast SEO plugin v22.4 - https:\/\/yoast.com\/wordpress\/plugins\/seo\/ -->\n<title>Cont\u00e1ctanos - Cointelco<\/title>\n<meta name=\"robots\" content=\"index, follow, max-snippet:-1, max-image-preview:large, max-video-preview:-1\" \/>\n<link rel=\"canonical\" href=\"https:\/\/cointelco.com\/?page_id=161\" \/>\n<meta property=\"og:locale\" content=\"es_ES\" \/>\n<meta property=\"og:type\" content=\"article\" \/>\n<meta property=\"og:title\" content=\"Cont\u00e1ctanos - Cointelco\" \/>\n<meta property=\"og:description\" content=\"[vc_row type=\u00bbfull-width-content\u00bb css=\u00bb.vc_custom_1541802268083{margin-top: 0px !important;margin-bottom: 0px !important;border-top-width: 0px !important;border-bottom-width: 0px !important;padding-top: 0px !important;padding-bottom: 0px !important;}\u00bb][vc_column][vc_gmaps link=\u00bb#E-8_JTNDaWZyYW1lJTIwc3JjJTNEJTIyaHR0cHMlM0ElMkYlMkZ3d3cuZ29vZ2xlLmNvbSUyRm1hcHMlMkZlbWJlZCUzRnBiJTNEJTIxMW0xOCUyMTFtMTIlMjExbTMlMjExZDM5NzYuMzMwMTIxNDE2NTk0NSUyMTJkLTc0LjA1NjIzMjU4NTIzNzY4JTIxM2Q0LjcxMjU5ODg5NjU3NzExNiUyMTJtMyUyMTFmMCUyMTJmMCUyMTNmMCUyMTNtMiUyMTFpMTAyNCUyMTJpNzY4JTIxNGYxMy4xJTIxM20zJTIxMW0yJTIxMXMweDhlM2Y5YWZiYmQyOTgzYTclMjUzQTB4YTlhZjM1OWI0Njc3YjlkOSUyMTJzQ09JTlRFTENPJTJCUy5BLiUyMTVlMCUyMTNtMiUyMTFzZXMlMjEyc2NvJTIxNHYxNTQxODAyMzE0NTE1JTIyJTIwd2lkdGglM0QlMjI4MDAlMjIlMjBoZWlnaHQlM0QlMjI2MDAlMjIlMjBmcmFtZWJvcmRlciUzRCUyMjAlMjIlMjBzdHlsZSUzRCUyMmJvcmRlciUzQTAlMjIlMjBhbGxvd2Z1bGxzY3JlZW4lM0UlM0MlMkZpZnJhbWUlM0U=\u00bb size=\u00bb\u00bb css_animation=\u00bbbounceIn\u00bb][\/vc_column][\/vc_row][vc_row type=\u00bbfull-width-section\u00bb css=\u00bb.vc_custom_1541801651340{margin-bottom: 0px !important;padding-top: 100px !important;padding-bottom: 60px !important;background: #2b3547 url(https:\/\/cointelco.com\/\/wp-content\/uploads\/2018\/11\/fondo-formulario.jpg?id=320) !important;background-position: center !important;background-repeat: no-repeat !important;background-size: cover !important;}\u00bb font_color=\u00bb#ffffff\u00bb][vc_column width=\u00bb1\/2&#8243; animation=\u00bbrda_bounceInLeft\u00bb font_color=\u00bb#a1b1bc\u00bb css=\u00bb.vc_custom_1420826518165{margin-bottom: 40px;padding-top: 23px;padding-right: 30px;padding-bottom: 32px;padding-left: 30px;background-color: rgba(161,177,188,0.1);*background-color: rgb(161,177,188);}\u00bb el_class=\u00bbborderradius-5&#8243;][vc_custom_heading text=\u00bbD\u00e9janos tu mensaje\u00bb font_container=\u00bbtag:h2|font_size:36|text_align:left|color:%23ffffff\u00bb google_fonts=\u00bbfont_family:Lato%3A100%2C100italic%2C300%2C300italic%2Cregular%2Citalic%2C700%2C700italic%2C900%2C900italic|font_style:300%20light%20regular%3A300%3Anormal\u00bb css=\u00bb.vc_custom_1541801825930{margin-bottom: 26pxRead more\" \/>\n<meta property=\"og:url\" content=\"https:\/\/cointelco.com\/?page_id=161\" \/>\n<meta property=\"og:site_name\" content=\"Cointelco\" \/>\n<meta property=\"article:modified_time\" content=\"2024-04-08T15:25:05+00:00\" \/>\n<meta name=\"twitter:card\" content=\"summary_large_image\" \/>\n<meta name=\"twitter:label1\" content=\"Tiempo de lectura\" \/>\n\t<meta name=\"twitter:data1\" content=\"1 minuto\" \/>\n<script type=\"application\/ld+json\" class=\"yoast-schema-graph\">{\"@context\":\"https:\/\/schema.org\",\"@graph\":[{\"@type\":\"WebPage\",\"@id\":\"https:\/\/cointelco.com\/?page_id=161\",\"url\":\"https:\/\/cointelco.com\/?page_id=161\",\"name\":\"Cont\u00e1ctanos - Cointelco\",\"isPartOf\":{\"@id\":\"https:\/\/cointelco.com\/#website\"},\"datePublished\":\"2018-11-02T18:48:31+00:00\",\"dateModified\":\"2024-04-08T15:25:05+00:00\",\"breadcrumb\":{\"@id\":\"https:\/\/cointelco.com\/?page_id=161#breadcrumb\"},\"inLanguage\":\"es\",\"potentialAction\":[{\"@type\":\"ReadAction\",\"target\":[\"https:\/\/cointelco.com\/?page_id=161\"]}]},{\"@type\":\"BreadcrumbList\",\"@id\":\"https:\/\/cointelco.com\/?page_id=161#breadcrumb\",\"itemListElement\":[{\"@type\":\"ListItem\",\"position\":1,\"name\":\"Portada\",\"item\":\"https:\/\/cointelco.com\/\"},{\"@type\":\"ListItem\",\"position\":2,\"name\":\"Cont\u00e1ctanos\"}]},{\"@type\":\"WebSite\",\"@id\":\"https:\/\/cointelco.com\/#website\",\"url\":\"https:\/\/cointelco.com\/\",\"name\":\"Cointelco\",\"description\":\"\",\"publisher\":{\"@id\":\"https:\/\/cointelco.com\/#organization\"},\"potentialAction\":[{\"@type\":\"SearchAction\",\"target\":{\"@type\":\"EntryPoint\",\"urlTemplate\":\"https:\/\/cointelco.com\/?s={search_term_string}\"},\"query-input\":\"required name=search_term_string\"}],\"inLanguage\":\"es\"},{\"@type\":\"Organization\",\"@id\":\"https:\/\/cointelco.com\/#organization\",\"name\":\"Cointelco\",\"url\":\"https:\/\/cointelco.com\/\",\"logo\":{\"@type\":\"ImageObject\",\"inLanguage\":\"es\",\"@id\":\"https:\/\/cointelco.com\/#\/schema\/logo\/image\/\",\"url\":\"http:\/\/cointelco.com\/wp-content\/uploads\/2024\/04\/logo-color.png\",\"contentUrl\":\"http:\/\/cointelco.com\/wp-content\/uploads\/2024\/04\/logo-color.png\",\"width\":235,\"height\":135,\"caption\":\"Cointelco\"},\"image\":{\"@id\":\"https:\/\/cointelco.com\/#\/schema\/logo\/image\/\"}}]}<\/script>\n<!-- \/ Yoast SEO plugin. -->","yoast_head_json":{"title":"Cont\u00e1ctanos - Cointelco","robots":{"index":"index","follow":"follow","max-snippet":"max-snippet:-1","max-image-preview":"max-image-preview:large","max-video-preview":"max-video-preview:-1"},"canonical":"https:\/\/cointelco.com\/?page_id=161","og_locale":"es_ES","og_type":"article","og_title":"Cont\u00e1ctanos - Cointelco","og_description":"[vc_row type=\u00bbfull-width-content\u00bb css=\u00bb.vc_custom_1541802268083{margin-top: 0px !important;margin-bottom: 0px !important;border-top-width: 0px !important;border-bottom-width: 0px !important;padding-top: 0px !important;padding-bottom: 0px !important;}\u00bb][vc_column][vc_gmaps link=\u00bb#E-8_JTNDaWZyYW1lJTIwc3JjJTNEJTIyaHR0cHMlM0ElMkYlMkZ3d3cuZ29vZ2xlLmNvbSUyRm1hcHMlMkZlbWJlZCUzRnBiJTNEJTIxMW0xOCUyMTFtMTIlMjExbTMlMjExZDM5NzYuMzMwMTIxNDE2NTk0NSUyMTJkLTc0LjA1NjIzMjU4NTIzNzY4JTIxM2Q0LjcxMjU5ODg5NjU3NzExNiUyMTJtMyUyMTFmMCUyMTJmMCUyMTNmMCUyMTNtMiUyMTFpMTAyNCUyMTJpNzY4JTIxNGYxMy4xJTIxM20zJTIxMW0yJTIxMXMweDhlM2Y5YWZiYmQyOTgzYTclMjUzQTB4YTlhZjM1OWI0Njc3YjlkOSUyMTJzQ09JTlRFTENPJTJCUy5BLiUyMTVlMCUyMTNtMiUyMTFzZXMlMjEyc2NvJTIxNHYxNTQxODAyMzE0NTE1JTIyJTIwd2lkdGglM0QlMjI4MDAlMjIlMjBoZWlnaHQlM0QlMjI2MDAlMjIlMjBmcmFtZWJvcmRlciUzRCUyMjAlMjIlMjBzdHlsZSUzRCUyMmJvcmRlciUzQTAlMjIlMjBhbGxvd2Z1bGxzY3JlZW4lM0UlM0MlMkZpZnJhbWUlM0U=\u00bb size=\u00bb\u00bb css_animation=\u00bbbounceIn\u00bb][\/vc_column][\/vc_row][vc_row type=\u00bbfull-width-section\u00bb css=\u00bb.vc_custom_1541801651340{margin-bottom: 0px !important;padding-top: 100px !important;padding-bottom: 60px !important;background: #2b3547 url(https:\/\/cointelco.com\/\/wp-content\/uploads\/2018\/11\/fondo-formulario.jpg?id=320) !important;background-position: center !important;background-repeat: no-repeat !important;background-size: cover !important;}\u00bb font_color=\u00bb#ffffff\u00bb][vc_column width=\u00bb1\/2&#8243; animation=\u00bbrda_bounceInLeft\u00bb font_color=\u00bb#a1b1bc\u00bb css=\u00bb.vc_custom_1420826518165{margin-bottom: 40px;padding-top: 23px;padding-right: 30px;padding-bottom: 32px;padding-left: 30px;background-color: rgba(161,177,188,0.1);*background-color: rgb(161,177,188);}\u00bb el_class=\u00bbborderradius-5&#8243;][vc_custom_heading text=\u00bbD\u00e9janos tu mensaje\u00bb font_container=\u00bbtag:h2|font_size:36|text_align:left|color:%23ffffff\u00bb google_fonts=\u00bbfont_family:Lato%3A100%2C100italic%2C300%2C300italic%2Cregular%2Citalic%2C700%2C700italic%2C900%2C900italic|font_style:300%20light%20regular%3A300%3Anormal\u00bb css=\u00bb.vc_custom_1541801825930{margin-bottom: 26pxRead more","og_url":"https:\/\/cointelco.com\/?page_id=161","og_site_name":"Cointelco","article_modified_time":"2024-04-08T15:25:05+00:00","twitter_card":"summary_large_image","twitter_misc":{"Tiempo de lectura":"1 minuto"},"schema":{"@context":"https:\/\/schema.org","@graph":[{"@type":"WebPage","@id":"https:\/\/cointelco.com\/?page_id=161","url":"https:\/\/cointelco.com\/?page_id=161","name":"Cont\u00e1ctanos - Cointelco","isPartOf":{"@id":"https:\/\/cointelco.com\/#website"},"datePublished":"2018-11-02T18:48:31+00:00","dateModified":"2024-04-08T15:25:05+00:00","breadcrumb":{"@id":"https:\/\/cointelco.com\/?page_id=161#breadcrumb"},"inLanguage":"es","potentialAction":[{"@type":"ReadAction","target":["https:\/\/cointelco.com\/?page_id=161"]}]},{"@type":"BreadcrumbList","@id":"https:\/\/cointelco.com\/?page_id=161#breadcrumb","itemListElement":[{"@type":"ListItem","position":1,"name":"Portada","item":"https:\/\/cointelco.com\/"},{"@type":"ListItem","position":2,"name":"Cont\u00e1ctanos"}]},{"@type":"WebSite","@id":"https:\/\/cointelco.com\/#website","url":"https:\/\/cointelco.com\/","name":"Cointelco","description":"","publisher":{"@id":"https:\/\/cointelco.com\/#organization"},"potentialAction":[{"@type":"SearchAction","target":{"@type":"EntryPoint","urlTemplate":"https:\/\/cointelco.com\/?s={search_term_string}"},"query-input":"required name=search_term_string"}],"inLanguage":"es"},{"@type":"Organization","@id":"https:\/\/cointelco.com\/#organization","name":"Cointelco","url":"https:\/\/cointelco.com\/","logo":{"@type":"ImageObject","inLanguage":"es","@id":"https:\/\/cointelco.com\/#\/schema\/logo\/image\/","url":"http:\/\/cointelco.com\/wp-content\/uploads\/2024\/04\/logo-color.png","contentUrl":"http:\/\/cointelco.com\/wp-content\/uploads\/2024\/04\/logo-color.png","width":235,"height":135,"caption":"Cointelco"},"image":{"@id":"https:\/\/cointelco.com\/#\/schema\/logo\/image\/"}}]}},"_links":{"self":[{"href":"https:\/\/cointelco.com\/index.php?rest_route=\/wp\/v2\/pages\/161"}],"collection":[{"href":"https:\/\/cointelco.com\/index.php?rest_route=\/wp\/v2\/pages"}],"about":[{"href":"https:\/\/cointelco.com\/index.php?rest_route=\/wp\/v2\/types\/page"}],"author":[{"embeddable":true,"href":"https:\/\/cointelco.com\/index.php?rest_route=\/wp\/v2\/users\/1"}],"replies":[{"embeddable":true,"href":"https:\/\/cointelco.com\/index.php?rest_route=%2Fwp%2Fv2%2Fcomments&post=161"}],"version-history":[{"count":33,"href":"https:\/\/cointelco.com\/index.php?rest_route=\/wp\/v2\/pages\/161\/revisions"}],"predecessor-version":[{"id":603,"href":"https:\/\/cointelco.com\/index.php?rest_route=\/wp\/v2\/pages\/161\/revisions\/603"}],"wp:attachment":[{"href":"https:\/\/cointelco.com\/index.php?rest_route=%2Fwp%2Fv2%2Fmedia&parent=161"}],"curies":[{"name":"wp","href":"https:\/\/api.w.org\/{rel}","templated":true}]}}